{"id":1017,"date":"2023-04-26T09:02:40","date_gmt":"2023-04-26T09:02:40","guid":{"rendered":"https:\/\/apoa-alcorcon.com\/?page_id=1017"},"modified":"2023-05-03T14:28:49","modified_gmt":"2023-05-03T14:28:49","slug":"politica-de-privacidad","status":"publish","type":"page","link":"https:\/\/apoa-alcorcon.com\/?page_id=1017","title":{"rendered":"Pol\u00edtica de privacidad"},"content":{"rendered":"\n<p class=\"has-text-color\" style=\"color:#a5af1c\"><strong>1. General<\/strong><\/p>\n\n\n\n<p>En esta Pol\u00edtica de Privacidad, correspondiente a la p\u00e1gina web <a href=\"https:\/\/apoa-alcorcon.com\">https:\/\/apoa-alcorcon.com<\/a> (en adelante, el \u201c<strong>Sitio Web<\/strong>\u201d), titularidad de Asociaci\u00f3n de Propietarios \u201cPuerta Oeste Alcorc\u00f3n\u201d (en adelante, \u201c<strong>APOA<\/strong>\u201d) se describe la forma en la que APOA trata los datos personales recabados de los usuarios (en adelante, los \u201c<strong>Usuarios<\/strong>\u201d), en el momento en el que se registran o navegan por el Sitio Web. Rogamos a los Usuarios que lean atentamente la siguiente Pol\u00edtica de Privacidad ya que contiene informaci\u00f3n relevante sobre c\u00f3mo tratamos la informaci\u00f3n personal que nos proporciona o que recabamos a trav\u00e9s de la navegaci\u00f3n por el Sitio Web.<\/p>\n\n\n\n<p>APOA est\u00e1 comprometida con la privacidad de los Usuarios y la seguridad de sus datos, por ello nos comprometemos a utilizarlos de acuerdo con nuestras responsabilidades legales, de conformidad con el Reglamento General de Protecci\u00f3n de Datos (\u201c<strong>RGPD<\/strong>\u201d) y la normativa local aplicable en materia de protecci\u00f3n de datos.<\/p>\n\n\n\n<p>A continuaci\u00f3n, se muestran los datos de identificaci\u00f3n del responsable del tratamiento:<\/p>\n\n\n\n<figure class=\"wp-block-table is-style-stripes\"><table class=\"has-theme-light-gray-background-color has-background\"><tbody><tr><td>Denominaci\u00f3n<\/td><td>Asociaci\u00f3n de propietarios \u201cPuerta Oeste Alcorc\u00f3n\u201d (\u201cAPOA\u201d)<\/td><\/tr><tr><td>Domicilio social<\/td><td>Calle de los Ebanistas, n\u00fam.4, Pol\u00edgono Industrial Urtinsa, 28923, Alcorc\u00f3n (Madrid).<\/td><\/tr><tr><td>NIF<\/td><td>G-87691515<\/td><\/tr><tr><td>Correo electr\u00f3nico de contacto<\/td><td><a rel=\"noreferrer noopener\" href=\"mailto:legal@apoa-alcorcon.com\" target=\"_blank\">legal@apoa-alcorcon.com<\/a><\/td><\/tr><tr><td>Registro<\/td><td>Registro de Asociaciones de la Comunidad de Madrid, Secci\u00f3n primera, con el n\u00famero 37.186.<\/td><\/tr><\/tbody><\/table><\/figure>\n\n\n\n<p><\/p>\n\n\n\n<p class=\"has-text-color\" style=\"color:#a5af1c\"><strong>2. Qu\u00e9 datos personales recabamos y para qu\u00e9 utilizamos sus datos personales<\/strong><\/p>\n\n\n\n<p>Los Usuarios pueden utilizar gran parte de las funcionalidades del Sitio Web sin tener que proporcionarnos ning\u00fan dato personal. Sin embargo, para ciertas funcionalidades, los Usuarios deber\u00e1n proporcionarnos sus datos personales con la finalidad de inscribirle en determinados servicios, gestionar adecuadamente sus peticiones o enviarle boletines u otra informaci\u00f3n de inter\u00e9s. Adem\u00e1s de la informaci\u00f3n que es proporcionada directamente a APOA, tambi\u00e9n recopilamos cierta informaci\u00f3n cuando utiliza el Sitio Web.<\/p>\n\n\n\n<p>Todos los datos de car\u00e1cter personal recabados a trav\u00e9s del Sitio Web ser\u00e1n debidamente incorporados en bases de datos responsabilidad de APOA.<\/p>\n\n\n\n<p>Asimismo, informamos a los Usuarios de que los campos solicitados en los formularios que se encuentren <a>marcados con un asterisco tienen car\u00e1cter obligatorio<\/a><a href=\"#_msocom_1\">[ATL1]<\/a>&nbsp;. As\u00ed, si no se proporciona la informaci\u00f3n solicitada, no podremos llevar a cabo el servicio.<\/p>\n\n\n\n<p>A continuaci\u00f3n, hemos especificado los datos personales que recopilamos, las finalidades para las que utilizamos dichos datos personales y el tiempo que, generalmente, conservaremos sus datos personales:<\/p>\n\n\n\n<p>2.a) <strong>Comunicaciones de los Usuarios y servicio de atenci\u00f3n<\/strong><\/p>\n\n\n\n<p>Se incluye dentro de esta categor\u00eda cualquier dato personal facilitado por los Usuarios a trav\u00e9s del formulario de contacto del Sitio Web o en el curso de sus comunicaciones con APOA a los efectos de realizar o resolver cualquier contacto, incidencia o reclamaci\u00f3n. En este sentido, si los Usuarios han llevado a cabo alguna solicitud, consulta o sugerencia a trav\u00e9s de nuestros canales de contacto habilitados a estos efectos, trataremos sus datos personales con la finalidad de dar respuesta a la misma.<\/p>\n\n\n\n<ol class=\"wp-block-list\" type=\"A\">\n<li><\/li>\n<\/ol>\n\n\n\n<p>La base legal del tratamiento de estos datos personales es el consentimiento otorgado por los Usuarios al cumplimentar y remitir voluntariamente su consulta a trav\u00e9s del formulario de contacto habilitado en el Sitio Web o, en caso de contactar a trav\u00e9s de otros canales proporcionados por APOA (ej. correo electr\u00f3nico, tel\u00e9fono, correo postal), el consentimiento mostrado al contactar directamente y facilitar sus datos a trav\u00e9s de dichos canales. Los datos personales ser\u00e1n conservados durante el tiempo que sean necesarios para atender la petici\u00f3n, y una vez gestionada, ser\u00e1n conservados durante el plazo de prescripci\u00f3n aplicable y, posteriormente, eliminados.<\/p>\n\n\n\n<p>2.b) <strong>Informaci\u00f3n sobre su acceso y uso del Sitio Web<\/strong><\/p>\n\n\n\n<p>Recabamos cierta informaci\u00f3n de los Usuarios obtenida autom\u00e1ticamente del uso del Sitio Web relacionada con el equipo o dispositivo de los Usuarios, el uso y los h\u00e1bitos de navegaci\u00f3n.<\/p>\n\n\n\n<ol class=\"wp-block-list\" type=\"A\">\n<li><\/li>\n<\/ol>\n\n\n\n<p>Esta informaci\u00f3n puede incluir datos tales como p\u00e1ginas, secciones o funcionalidades del Sitio Web que utilizan los Usuarios, direcci\u00f3n IP, motor de b\u00fasqueda utilizado, fecha y hora, etc. APOA puede recabar esta informaci\u00f3n a trav\u00e9s del uso de cookies. Para m\u00e1s informaci\u00f3n sobre c\u00f3mo utilizamos las cookies, pueden consultar nuestra <a>Pol\u00edtica de Cookies.<\/a><\/p>\n\n\n\n<p>Utilizamos estos datos personales en base a su consentimiento de cara a mejorar nuestros productos y servicios. Conservaremos los datos personales durante los periodos de conservaci\u00f3n detallados en la Pol\u00edtica de Cookies.<\/p>\n\n\n\n<p>APOA puede enriquecer los datos de car\u00e1cter personal de los Usuarios con informaci\u00f3n no identificativa que haya obtenido por los Usuarios a trav\u00e9s del Sitio Web, tal y como se describe anteriormente. En estos casos, la informaci\u00f3n combinada ser\u00e1 tratada como dato de car\u00e1cter personal.<\/p>\n\n\n\n<p>2.c) <strong>Mantenimiento y optimizaci\u00f3n del Sitio Web<\/strong><\/p>\n\n\n\n<p>Los datos personales de los Usuarios tambi\u00e9n ser\u00e1n utilizados para el mantenimiento y an\u00e1lisis del Sitio Web para resolver problemas de rendimiento, mejorar la disponibilidad y proteger el Sitio Web contra el fraude (i.e. en caso de intentos repetidos de iniciar sesi\u00f3n) o contra el incumplimiento de nuestros t\u00e9rminos y condiciones de uso. El an\u00e1lisis tambi\u00e9n nos permite comprobar si los diferentes servicios y procesos online que ofrecemos funcionan de forma eficaz para que podamos mejorar, siempre que sea posible.<\/p>\n\n\n\n<ol class=\"wp-block-list\" type=\"A\">\n<li><\/li>\n<\/ol>\n\n\n\n<p>El uso de los datos personales de los Usuarios para estos fines se realiza en base a su consentimiento, salvo que no sea necesaria su obtenci\u00f3n por cuanto se utilicen cookies t\u00e9cnicas, y se conservar\u00e1 durante los periodos de conservaci\u00f3n detallados en la Pol\u00edtica de Cookies.<\/p>\n\n\n\n<p>2.d) <strong>Cumplimiento de nuestras obligaciones legales<\/strong><\/p>\n\n\n\n<p>Los datos personales de los Usuarios podr\u00e1n ser comunicados a las autoridades administrativas o tribunales competentes en cumplimiento de nuestras obligaciones legales, o para proteger los derechos y la seguridad de APOA o de nuestros usuarios.<\/p>\n\n\n\n<p class=\"has-text-color\" style=\"color:#a5af1c\"><strong>3. C\u00f3mo compartimos sus datos personales<\/strong><\/p>\n\n\n\n<p>En algunas ocasiones es necesario compartir los datos personales de los Usuarios con otras entidades o con terceros para garantizar la correcta prestaci\u00f3n del servicio ofrecido en el Sitio Web o para garantizar su correcto funcionamiento, as\u00ed como para cumplir obligaciones legales de APOA. Podemos compartir dicha informaci\u00f3n con las siguientes entidades:<\/p>\n\n\n\n<ol class=\"wp-block-list\" type=\"1\">\n<li><\/li>\n<\/ol>\n\n\n\n<ul class=\"wp-block-list\">\n<li>Proveedores de servicios, siempre y cuando sea necesario para la prestaci\u00f3n de un determinado servicio, en calidad de encargado del tratamiento.<\/li>\n\n\n\n<li>Autoridades competentes: en caso de existir requerimiento u obligaci\u00f3n legal, as\u00ed como para la defensa y ejercicio de los derechos, puede ser necesario comunicar datos a las autoridades competentes en cada caso.<\/li>\n<\/ul>\n\n\n\n<p>Dichas entidades pueden estar situadas en Espa\u00f1a, en otros pa\u00edses del EEE, o en cualquier otro lugar del mundo. Cuando almacenamos datos personales fuera del EEE, garantizamos un nivel adecuado de protecci\u00f3n de los datos transferidos. Para ello, exigimos a los proveedores de servicios que adopten las medidas adecuadas para proteger la confidencialidad y seguridad de los datos personales. Por ejemplo, para aquellos servicios prestados por proveedores que se encuentran fuera del EEE utilizamos Cl\u00e1usulas Contractuales Tipo aprobadas por la Comisi\u00f3n Europea.<\/p>\n\n\n\n<p>Todas las comunicaciones de datos se llevar\u00e1n a cabo siempre cumpliendo con lo establecido en la normativa vigente en materia de protecci\u00f3n de datos y, en particular, el RGPD.<\/p>\n\n\n\n<p class=\"has-text-color\" style=\"color:#a5af1c\"><strong>4. Seguridad de los datos personales<\/strong><\/p>\n\n\n\n<p>APOA se preocupa por garantizar la seguridad y confidencialidad de los datos personales de los Usuarios. Para ello, se han implementado medidas t\u00e9cnicas, f\u00edsicas y organizativas adecuadas para proteger los datos personales recabados a trav\u00e9s del uso del Sitio Web del uso indebido, la destrucci\u00f3n, p\u00e9rdida, alteraci\u00f3n, divulgaci\u00f3n, adquisici\u00f3n o acceso accidental, ilegal o no autorizado, exigidas de conformidad con lo establecido en el RGPD y la normativa vigente en materia de protecci\u00f3n de datos.<\/p>\n\n\n\n<ol class=\"wp-block-list\" type=\"1\">\n<li><\/li>\n<\/ol>\n\n\n\n<p>Sin embargo, ning\u00fan sitio basado en Internet puede ser totalmente seguro, por tanto, no nos hacemos responsables del acceso no autorizado o no intencionado que est\u00e9 fuera de nuestro control. Es responsabilidad de los Usuarios controlar la seguridad de su informaci\u00f3n. En este sentido, APOA insta y anima a todos los Usuarios a que tengan cuidado al compartir informaci\u00f3n. APOA no controlar\u00e1 el contenido y la informaci\u00f3n que los Usuarios decidan compartir con otros Usuarios y, por lo tanto, APOA no se responsabiliza de las consecuencias de sus acciones.<\/p>\n\n\n\n<p>APOA se compromete a actuar con rapidez y de forma responsable en caso de que la seguridad de los datos personales de los Usuarios se vea comprometida y, cuando fuese necesario, a informar de ello con la mayor diligencia.<\/p>\n\n\n\n<p>En caso de que se produzca una violaci\u00f3n de datos personales susceptible de producir un alto riesgo para los derechos y libertades de los Usuarios, APOA se compromete a notificar a la Agencia Espa\u00f1ola de Protecci\u00f3n de Datos y los Usuarios, sin dilaci\u00f3n indebida despu\u00e9s de tener conocimiento de dicha violaci\u00f3n, la violaci\u00f3n de datos personales y las medidas adoptadas para mitigar los riesgos y efectos que pudieran producirse.<\/p>\n\n\n\n<p class=\"has-text-color\" style=\"color:#a5af1c\"><strong>5. Cookies<\/strong><\/p>\n\n\n\n<p>Gran parte de la informaci\u00f3n a la que se hace referencia en esta Pol\u00edtica de Privacidad se recopila a trav\u00e9s de nuestro uso de cookies. Las cookies son peque\u00f1os archivos de texto que contienen peque\u00f1as cantidades de informaci\u00f3n que se descargan y pueden almacenarse en los dispositivos de los Usuarios, por ejemplo, el ordenador, el smartphone o la tablet. Estas cookies a veces son necesarias para recordar la configuraci\u00f3n de su cuenta, el idioma y el pa\u00eds, pero tambi\u00e9n nos permiten medir y analizar el comportamiento de los Usuarios durante el uso del Sitio Web y mostrarle anuncios personalizados en el Sitio Web o en p\u00e1ginas web de terceros. Cuando sea necesario, se le pedir\u00e1 su consentimiento para el uso de cookies. Para obtener informaci\u00f3n adicional visite nuestra <a>Pol\u00edtica de Cookies<\/a><\/p>\n\n\n\n<p class=\"has-text-color\" style=\"color:#a5af1c\"><strong>6. Derechos de los Usuarios en materia de protecci\u00f3n de datos<\/strong><\/p>\n\n\n\n<p>En cualquier momento los Usuarios podr\u00e1n ejercer ante APOA sus derechos de acceso, rectificaci\u00f3n, supresi\u00f3n, oposici\u00f3n, limitaci\u00f3n del tratamiento y portabilidad, en los t\u00e9rminos previstos en la normativa vigente. Esto significa que los Usuarios podr\u00e1n solicitarnos conocer qu\u00e9 datos suyos tenemos, o actualizarlos, as\u00ed como solicitar que APOA deje de utilizar los datos para una finalidad concreta, o simplemente, requerir que eliminemos todos o algunos de sus datos de car\u00e1cter personal de nuestros ficheros y bases de datos.<\/p>\n\n\n\n<ol class=\"wp-block-list\" type=\"1\">\n<li><\/li>\n<\/ol>\n\n\n\n<p>En caso de que los Usuarios se opongan al tratamiento de sus datos, APOA dejar\u00e1 de tratar los datos, salvo por motivos leg\u00edtimos previstos en la normativa vigente o para la defensa de posibles reclamaciones.<\/p>\n\n\n\n<p>Tras el ejercicio por parte de los Usuarios de alguno de estos derechos, y durante el tiempo de verificaci\u00f3n por parte de APOA, los datos permanecer\u00e1n bloqueados mientras se comprueban ciertas circunstancias de los mismos, no pudiendo APOA suprimir o tratar dichos datos.<\/p>\n\n\n\n<p>Para el ejercicio de cualesquiera de los derechos descritos, los Usuarios deber\u00e1n contactar con APOA a trav\u00e9s de la siguiente direcci\u00f3n de correo electr\u00f3nico&nbsp;: <a href=\"mailto:legal@apoa-alcorcon.com\">legal@apoa-alcorcon.com<\/a>, incluyendo como asunto del email \u201cEJERCICIO DE DERECHOS\u201d, acreditando debidamente su identidad e indicando en el contenido del email el concreto derecho que desea ejercitar. Asimismo, los Usuarios tambi\u00e9n podr\u00e1n presentar una reclamaci\u00f3n ante la Agencia Espa\u00f1ola de Protecci\u00f3n de Datos (<a href=\"https:\/\/www.aepd.es\/es\">www.aepd.es<\/a>), o ante la autoridad en materia de protecci\u00f3n de datos correspondiente, si consideran que no hemos tratado sus datos personales de acuerdo con la normativa.<\/p>\n\n\n\n<p class=\"has-text-color\" style=\"color:#a5af1c\"><strong>7. Actualizaciones<\/strong><\/p>\n\n\n\n<p>APOA se reserva el derecho a realizar actualizaciones de la presente Pol\u00edtica de Privacidad en cualquier momento, a su completa discreci\u00f3n. El uso continuo del Sitio Web por parte de los Usuarios despu\u00e9s de cualquier cambio en esta Pol\u00edtica de Privacidad supone la aceptaci\u00f3n de los mismos.<\/p>\n\n\n\n<ol class=\"wp-block-list\" type=\"1\">\n<li><\/li>\n<\/ol>\n\n\n\n<p>Rogamos a los Usuarios que revisen esta Pol\u00edtica de Privacidad de forma peri\u00f3dica para que puedan estar al tanto de cualquier modificaci\u00f3n de la misma. Si los Usuarios no aceptan esta Pol\u00edtica de Privacidad, de forma parcial o total, o cualquiera de sus modificaciones, deben abstenerse de utilizar o acceder al Sitio Web, o interrumpir inmediatamente el uso del mismo.<\/p>\n\n\n\n<p class=\"has-text-color\" style=\"color:#a5af1c\"><strong>8. Contacto<\/strong><\/p>\n\n\n\n<p>Si tienen alguna otra pregunta acerca del uso de sus datos personales o sobre nuestra Pol\u00edtica de Privacidad, pueden contactar con APOA enviando un correo electr\u00f3nico a&nbsp; <a href=\"mailto:legal@apoa-alcorcon.com\">legal@apoa-alcorcon.com<\/a><\/p>\n\n\n\n<ol class=\"wp-block-list\" type=\"1\">\n<li><\/li>\n<\/ol>\n\n\n\n<hr class=\"wp-block-separator has-alpha-channel-opacity\"\/>\n","protected":false},"excerpt":{"rendered":"<p>1. General En esta Pol\u00edtica de Privacidad, correspondiente a la p\u00e1gina web https:\/\/apoa-alcorcon.com (en adelante, el \u201cSitio Web\u201d), titularidad de Asociaci\u00f3n de Propietarios \u201cPuerta Oeste Alcorc\u00f3n\u201d (en adelante, \u201cAPOA\u201d) se describe la forma en la [&hellip;]<\/p>\n","protected":false},"author":1,"featured_media":0,"parent":0,"menu_order":0,"comment_status":"closed","ping_status":"closed","template":"","meta":{"footnotes":""},"class_list":["post-1017","page","type-page","status-publish","hentry"],"_links":{"self":[{"href":"https:\/\/apoa-alcorcon.com\/index.php?rest_route=\/wp\/v2\/pages\/1017","targetHints":{"allow":["GET"]}}],"collection":[{"href":"https:\/\/apoa-alcorcon.com\/index.php?rest_route=\/wp\/v2\/pages"}],"about":[{"href":"https:\/\/apoa-alcorcon.com\/index.php?rest_route=\/wp\/v2\/types\/page"}],"author":[{"embeddable":true,"href":"https:\/\/apoa-alcorcon.com\/index.php?rest_route=\/wp\/v2\/users\/1"}],"replies":[{"embeddable":true,"href":"https:\/\/apoa-alcorcon.com\/index.php?rest_route=%2Fwp%2Fv2%2Fcomments&post=1017"}],"version-history":[{"count":5,"href":"https:\/\/apoa-alcorcon.com\/index.php?rest_route=\/wp\/v2\/pages\/1017\/revisions"}],"predecessor-version":[{"id":1040,"href":"https:\/\/apoa-alcorcon.com\/index.php?rest_route=\/wp\/v2\/pages\/1017\/revisions\/1040"}],"wp:attachment":[{"href":"https:\/\/apoa-alcorcon.com\/index.php?rest_route=%2Fwp%2Fv2%2Fmedia&parent=1017"}],"curies":[{"name":"wp","href":"https:\/\/api.w.org\/{rel}","templated":true}]}}